{"id":15,"date":"2025-06-13T01:15:45","date_gmt":"2025-06-13T01:15:45","guid":{"rendered":"https:\/\/tigerclick.pro\/?page_id=15"},"modified":"2025-07-25T02:28:36","modified_gmt":"2025-07-25T02:28:36","slug":"inicio","status":"publish","type":"page","link":"https:\/\/tigerclick.pro\/","title":{"rendered":"Inicio"},"content":{"rendered":"<p>[et_pb_section fb_built=&#8221;1&#8243; _builder_version=&#8221;4.27.4&#8243; _module_preset=&#8221;default&#8221; background_color=&#8221;#ffa55d&#8221; global_colors_info=&#8221;{}&#8221;][et_pb_row _builder_version=&#8221;4.27.4&#8243; _module_preset=&#8221;default&#8221; global_colors_info=&#8221;{}&#8221;][et_pb_column type=&#8221;4_4&#8243; _builder_version=&#8221;4.27.4&#8243; _module_preset=&#8221;default&#8221; global_colors_info=&#8221;{}&#8221;][et_pb_slider use_bg_overlay=&#8221;off&#8221; use_text_overlay=&#8221;on&#8221; text_overlay_color=&#8221;rgba(12,113,195,0.38)&#8221; text_border_radius=&#8221;7px&#8221; _builder_version=&#8221;4.27.4&#8243; _module_preset=&#8221;default&#8221; body_font_size=&#8221;16px&#8221; custom_button=&#8221;on&#8221; button_bg_color=&#8221;#acc572&#8243; button_border_color=&#8221;#ffdf88&#8243; auto=&#8221;on&#8221; hover_enabled=&#8221;0&#8243; body_text_shadow_style=&#8221;preset2&#8243; border_radii=&#8221;on|18px|18px|18px|18px&#8221; border_width_all=&#8221;11px&#8221; global_colors_info=&#8221;{}&#8221; border_color_all=&#8221;#284395&#8243; sticky_enabled=&#8221;0&#8243;][et_pb_slide heading=&#8221;Impulsa tu negocio al mundo digital con un sitio web profesional.&#8221; button_text=&#8221;Cotizar tu sitio web&#8221; _builder_version=&#8221;4.27.4&#8243; _module_preset=&#8221;default&#8221; background_image=&#8221;https:\/\/tigerclick.pro\/wp-content\/uploads\/2025\/06\/tig-2-scaled.jpeg&#8221; background_enable_image=&#8221;on&#8221; header_text_shadow_style=&#8221;preset2&#8243; global_colors_info=&#8221;{}&#8221; sticky_transition=&#8221;on&#8221;]<\/p>\n<p>En TigerClick.pro te ayudamos a crear tu sitio web, mejorar tu presencia en l\u00ednea, mostrar tus productos con contenidos de calidad y atraer m\u00e1s clientes con campa\u00f1as en Google Ads, Facebook y Tik Tok.<\/p>\n<p>[\/et_pb_slide][et_pb_slide heading=&#8221;Dise\u00f1o Web Profesional&#8221; button_text=&#8221;Click Here&#8221; _builder_version=&#8221;4.27.4&#8243; _module_preset=&#8221;default&#8221; global_colors_info=&#8221;{}&#8221; sticky_transition=&#8221;on&#8221;]<\/p>\n<p>Sitios modernos, r\u00e1pidos y adaptados a m\u00f3viles.<\/p>\n<p>[\/et_pb_slide][\/et_pb_slider][\/et_pb_column][\/et_pb_row][et_pb_row column_structure=&#8221;1_4,1_4,1_4,1_4&#8243; _builder_version=&#8221;4.27.4&#8243; _module_preset=&#8221;default&#8221; global_colors_info=&#8221;{}&#8221;][et_pb_column type=&#8221;1_4&#8243; _builder_version=&#8221;4.27.4&#8243; _module_preset=&#8221;default&#8221; global_colors_info=&#8221;{}&#8221;][et_pb_blurb title=&#8221;Dise\u00f1o Web Profesional&#8221; use_icon=&#8221;on&#8221; font_icon=&#8221;&#xf2d2;||fa||400&#8243; _builder_version=&#8221;4.27.4&#8243; _module_preset=&#8221;default&#8221; background_color=&#8221;#1165e9&#8243; custom_padding=&#8221;10px||5px|10px|false|false&#8221; hover_enabled=&#8221;0&#8243; border_radii=&#8221;on|5px|5px|5px|5px&#8221; global_colors_info=&#8221;{}&#8221; sticky_enabled=&#8221;0&#8243; body_text_color=&#8221;#FFFFFF&#8221; body_text_align=&#8221;center&#8221;]<\/p>\n<p>Sitios modernos, r\u00e1pidos y adaptados a m\u00f3viles.<\/p>\n<p>[\/et_pb_blurb][\/et_pb_column][et_pb_column type=&#8221;1_4&#8243; _builder_version=&#8221;4.27.4&#8243; _module_preset=&#8221;default&#8221; global_colors_info=&#8221;{}&#8221;][et_pb_blurb title=&#8221;Posicionamiento en Internet&#8221; use_icon=&#8221;on&#8221; font_icon=&#8221;&#xe029;||divi||400&#8243; _builder_version=&#8221;4.27.4&#8243; _module_preset=&#8221;default&#8221; background_color=&#8221;#1165e9&#8243; custom_padding=&#8221;10px|10px|5px|10px|false|false&#8221; hover_enabled=&#8221;0&#8243; border_radii=&#8221;on|5px|5px|5px|5px&#8221; global_colors_info=&#8221;{}&#8221; sticky_enabled=&#8221;0&#8243; header_text_color=&#8221;#000000&#8243; body_text_color=&#8221;#FFFFFF&#8221; body_text_align=&#8221;center&#8221; custom_margin=&#8221;|0px|||false|false&#8221;]<\/p>\n<p>Mejora tu visibilidad en Google y redes.<\/p>\n<p>[\/et_pb_blurb][\/et_pb_column][et_pb_column type=&#8221;1_4&#8243; _builder_version=&#8221;4.27.4&#8243; _module_preset=&#8221;default&#8221; global_colors_info=&#8221;{}&#8221;][et_pb_blurb title=&#8221;Fotograf\u00eda de Productos&#8221; use_icon=&#8221;on&#8221; font_icon=&#8221;&#xf030;||fa||900&#8243; _builder_version=&#8221;4.27.4&#8243; _module_preset=&#8221;default&#8221; background_color=&#8221;#1165e9&#8243; custom_padding=&#8221;10px||5px|10px|false|false&#8221; hover_enabled=&#8221;0&#8243; border_radii=&#8221;on|5px|5px|5px|5px&#8221; global_colors_info=&#8221;{}&#8221; body_text_color=&#8221;#FFFFFF&#8221; body_text_align=&#8221;center&#8221; sticky_enabled=&#8221;0&#8243;]<\/p>\n<p>Im\u00e1genes que venden, con calidad profesional.<\/p>\n<p>[\/et_pb_blurb][\/et_pb_column][et_pb_column type=&#8221;1_4&#8243; _builder_version=&#8221;4.27.4&#8243; _module_preset=&#8221;default&#8221; global_colors_info=&#8221;{}&#8221;][et_pb_blurb title=&#8221;Campa\u00f1as en Google Ads&#8221; use_icon=&#8221;on&#8221; font_icon=&#8221;&#xf217;||fa||900&#8243; _builder_version=&#8221;4.27.4&#8243; _module_preset=&#8221;default&#8221; background_color=&#8221;#1165e9&#8243; custom_padding=&#8221;10px||5px|10px|false|false&#8221; hover_enabled=&#8221;0&#8243; border_radii=&#8221;on|5px|5px|5px|5px&#8221; global_colors_info=&#8221;{}&#8221; body_text_color=&#8221;#FFFFFF&#8221; body_text_align=&#8221;center&#8221; sticky_enabled=&#8221;0&#8243;]<\/p>\n<p>Facebook y Tik Tok<\/p>\n<p>[\/et_pb_blurb][\/et_pb_column][\/et_pb_row][\/et_pb_section]<\/p>\n","protected":false},"excerpt":{"rendered":"<p>En TigerClick.pro te ayudamos a crear tu sitio web, mejorar tu presencia en l\u00ednea, mostrar tus productos con contenidos de calidad y atraer m\u00e1s clientes con campa\u00f1as en Google Ads, Facebook y Tik Tok.Sitios modernos, r\u00e1pidos y adaptados a m\u00f3viles.Sitios modernos, r\u00e1pidos y adaptados a m\u00f3viles.Mejora tu visibilidad en Google y redes.Im\u00e1genes que venden, con [&hellip;]<\/p>\n","protected":false},"author":1,"featured_media":0,"parent":0,"menu_order":0,"comment_status":"closed","ping_status":"closed","template":"","meta":{"_et_pb_use_builder":"on","_et_pb_old_content":"","_et_gb_content_width":"","footnotes":""},"class_list":["post-15","page","type-page","status-publish","hentry"],"_links":{"self":[{"href":"https:\/\/tigerclick.pro\/index.php\/wp-json\/wp\/v2\/pages\/15","targetHints":{"allow":["GET"]}}],"collection":[{"href":"https:\/\/tigerclick.pro\/index.php\/wp-json\/wp\/v2\/pages"}],"about":[{"href":"https:\/\/tigerclick.pro\/index.php\/wp-json\/wp\/v2\/types\/page"}],"author":[{"embeddable":true,"href":"https:\/\/tigerclick.pro\/index.php\/wp-json\/wp\/v2\/users\/1"}],"replies":[{"embeddable":true,"href":"https:\/\/tigerclick.pro\/index.php\/wp-json\/wp\/v2\/comments?post=15"}],"version-history":[{"count":12,"href":"https:\/\/tigerclick.pro\/index.php\/wp-json\/wp\/v2\/pages\/15\/revisions"}],"predecessor-version":[{"id":70,"href":"https:\/\/tigerclick.pro\/index.php\/wp-json\/wp\/v2\/pages\/15\/revisions\/70"}],"wp:attachment":[{"href":"https:\/\/tigerclick.pro\/index.php\/wp-json\/wp\/v2\/media?parent=15"}],"curies":[{"name":"wp","href":"https:\/\/api.w.org\/{rel}","templated":true}]}}